{"id":1812,"date":"2021-04-27T16:02:38","date_gmt":"2021-04-27T14:02:38","guid":{"rendered":"https:\/\/sigisresidencefiumicino.it\/el-edificio\/"},"modified":"2023-12-12T19:35:26","modified_gmt":"2023-12-12T17:35:26","slug":"el-edificio","status":"publish","type":"page","link":"https:\/\/sigisresidencefiumicino.it\/es\/","title":{"rendered":"El edificio"},"content":{"rendered":"<section class=\"grid grid--fluid grid--background \"style=\"background-color: #FFDF22\">\r\n\r\n    <div class=\"container_cta\">\r\n      <p>\u00bfEst\u00e1s en Fiumicino o en Roma por motivos de trabajo? \u00bfEst\u00e1s esperando una conexi\u00f3n a\u00e9rea? \u00bfEst\u00e1s en la ciudad para eventos y ferias? \u00bfO simplemente quieres descansar, quiz\u00e1s en una localidad costera a pocos kil\u00f3metros del centro de Roma y de Ostia Antica? Sigis Hotel Fiumicino es la soluci\u00f3n perfecta para una parada de trabajo o de relax.<\/p>\n<p><a class=\"btn btn-info-small p-10 border-all\" href=\"https:\/\/sigisresidencefiumicino.it\/es\/reserva\/?octobooksearch=siteKey%3D5b86a27c66a96e543ada3bdf8959049e%26lang%3Des%26ota\"><strong>Vuelve a viajar y reserva..<\/strong><\/a><\/p>\n          <\/div>\r\n\r\n\r\n<\/section>\r\n\n\n<section class=\"\">\r\n    <div class=\"service__panel grid\">\r\n\r\n      \r\n      <div class=\"col-50 service__panel__col\">\r\n        \r\n<h3 class=\"section-title\">SIGIS RESIDENCE FIUMICINO: IGUAL A TU CASA<\/h3>\r\n\r\n          \r\n          <p class=\"\"><p>Sigis Hotel Fiumicino es una elegante casa de tres plantas de reciente construcci\u00f3n, con jard\u00edn, patio y aparcamiento privado. Tiene un agradable espacio al aire libre, perfecto para relajarse, leer, trabajar.<br \/>\nSe encuentra en una tranquila zona residencial a pocos minutos del mar, del aeropuerto internacional Leonardo da Vinci, de la Nueva Feria de Roma y del parque arqueol\u00f3gico de Ostia Antica.<br \/>\nAcabado con materiales naturales como parquet, piedra y hierro forjado, es luminoso y acogedor, silencioso.<br \/>\nEst\u00e1 equipado con todas las comodidades y tiene wi-fi en todas las \u00e1reas.<\/p>\n<\/p>\r\n      <\/div>\r\n      <div class=\"col-50\">\r\n        <div class=\"service__panel__square__left\"><\/div>\r\n                    <div class=\" service__panel__col\">\r\n            <img decoding=\"async\" class=\"service__panel_img\" src=\"https:\/\/sigisresidencefiumicino.it\/wp-content\/uploads\/2023\/12\/2.SIGIS_H_FIUM-ESTERNO_RETRO-1024x683.webp\" alt=\"\">\r\n\r\n\r\n          <\/div>\r\n\r\n      <\/div>\r\n\r\n          <\/div>\r\n  <\/section>\r\n\n\n<section class=\"\">\r\n    <div class=\"service__panel grid\">\r\n\r\n      \r\n      <div class=\"col-50\">\r\n        <div class=\"service__panel__square__right\"><\/div>\r\n      \r\n          <div class=\" service__panel__col\">\r\n            <img decoding=\"async\" class=\"service__panel_img\" src=\"https:\/\/sigisresidencefiumicino.it\/wp-content\/uploads\/2023\/12\/3.SIGIS_H_FIUM-ANGOLO-RELAX-1024x683.webp\" alt=\"\">\r\n          <\/div>\r\n      <\/div>\r\n      <div class=\"col-50 service__panel__col\">\r\n          <h3 class=\"section-title\">SIGIS HOTEL FIUMICINO: PARA UNA ESTANCIA CON TODAS LAS COMODIDADES<\/h3>\r\n          <p class=\"\"><p>Hay 10 habitaciones: dos individuales, cuatro dobles y cuatro dobles de lujo con ba\u00f1era de hidromasaje. Cada habitaci\u00f3n, accesible con una tarjeta inteligente, cuenta con ba\u00f1o privado, televisi\u00f3n de pantalla plana y conexi\u00f3n Wi-Fi las 24 horas.<br \/>\nEl hotel est\u00e1 equipado con un salvaescaleras para permitir el acceso a las habitaciones para aquellos que lo necesiten.<br \/>\nTodos los d\u00edas se ofrece servicio de limpieza y cambio de ropa. Bajo solicitud y por un costo adicional, es posible disponer de un servicio exclusivo de transporte desde y hacia el aeropuerto de Fiumicino, la Nueva Feria de Roma y el centro de Roma.<\/p>\n<\/p>\r\n      <\/div>\r\n              <\/div>\r\n  <\/section>\r\n\n\n<section class=\"grid  mt-50\">\r\n\r\n      \r\n        <div class=\"col-40 panel__col_left\">\r\n          <h3 class=\"section-title\">DONDE SE ENCUENTRA<\/h3>\r\n\r\n          \r\n                        <div class=\"icon_list\">\r\n          \r\n\r\n\r\n          \r\n                    <div class=\"icon_list_item\">\r\n                    <img decoding=\"async\" class=\"\" src=\"https:\/\/sigisresidencefiumicino.it\/wp-content\/uploads\/2021\/12\/aereo.png\" alt=\"\">\r\n\r\n                                        <h6>Aeropuerto<\/h6>\r\n                    <p> 6 Km<\/p>\r\n                                            <\/div>\r\n\r\n\r\n\r\n                  \r\n                    <div class=\"icon_list_item\">\r\n                    <img decoding=\"async\" class=\"\" src=\"https:\/\/sigisresidencefiumicino.it\/wp-content\/uploads\/2021\/12\/ciclabile.png\" alt=\"\">\r\n\r\n                                        <h6>Ruta ciclista<\/h6>\r\n                    <p>3 km<\/p>\r\n                                            <\/div>\r\n\r\n\r\n\r\n                  \r\n                    <div class=\"icon_list_item\">\r\n                    <img decoding=\"async\" class=\"\" src=\"https:\/\/sigisresidencefiumicino.it\/wp-content\/uploads\/2021\/12\/spiaggia.png\" alt=\"\">\r\n\r\n                                        <h6>Playa<\/h6>\r\n                    <p>3 Km  <\/p>\r\n                                            <\/div>\r\n\r\n\r\n\r\n                  \r\n                                          <\/div>\r\n                    \r\n        <\/div>\r\n        <div class=\"col-60 panel__col_right\">\r\n\r\n                    \r\n            <div class=\"descrizione2 \">\r\n                                  <p>Sigis Hotel Fiumicino est\u00e1 en una posici\u00f3n ideal: a pocos kil\u00f3metros del centro hist\u00f3rico de Fiumicino y del aeropuerto internacional Leonardo da Vinci. Es un excelente punto de partida para llegar a las playas, al Lido di Ostia, a la Reserva del Litoral Romano, al Museo de las Naves Romanas o al parque arqueol\u00f3gico de Ostia Antica.<br \/>\nDesde aqu\u00ed se llega r\u00e1pidamente a la Nueva Feria de Roma, el recinto ferial multifuncional de Roma, a Commercity, el centro dedicado exclusivamente a todos los operadores del comercio, y a los centros comerciales de Parco Leonardo y Parco da Vinci.<br \/>\nA pocos minutos se encuentra la ruta ciclista, con varios senderos rodeados de naturaleza, tambi\u00e9n adecuado para los ni\u00f1os.<\/p>\n                         <\/div>\r\n\r\n\r\n        <\/div>\r\n        <!-- fine col-60 -->\r\n\r\n    \r\n<\/section>\r\n\n\n<section class=\"grid grid--fluid grid--background min-h tw\"style=\"background-color: #9ED0C0\">\r\n\r\n    <div class=\"container_cta\">\r\n      <p>Viaje de trabajo. Vacaciones. Solo, en pareja o en familia. Sigis Residence Fiumicino es la soluci\u00f3n perfecta. En cualquier temporada.<\/p>\n          <\/div>\r\n\r\n\r\n<\/section>\r\n\n\n<section class=\"grid grid--fluid grid--left  \">\r\n\r\n  <div class=\"col-30 tab-100 \">\r\n      <h3 class=\"section-title ml-5 mr-5 \">SIGIS HOTEL FIUMICINO: ELIJE TU HABITACI\u00d3N<\/h3>\r\n    <div class=\"gallery-text-content\">\r\n        <p>Cada habitaci\u00f3n est\u00e1 completamente amueblada. Tiene su ba\u00f1o privado, calefacci\u00f3n y aire acondicionado aut\u00f3nomos, TV de pantalla plana, wi-fi h24, cambio de ropa y servicio de limpieza. Y tambi\u00e9n est\u00e1 el aparcamiento interior.<\/p>\n    <\/div>\r\n\r\n  <\/div>\r\n  <div class=\"col-70 tab-100  gallery-right-mode\">\r\n    \r\n    <a href=\"https:\/\/sigisresidencefiumicino.it\/es\/habitacion-individual\/\">\r\n      <div class=\"slick-right\">\r\n        <img decoding=\"async\" class=\"d-none\" src=\"https:\/\/sigisresidencefiumicino.it\/wp-content\/uploads\/2023\/12\/8.SIGIS_H_FIUM-SINGOLA-1-1024x683.webp\" alt=\"\" \/>\r\n      <\/div>\r\n    <\/a>\r\n      \r\n    <a href=\"https:\/\/sigisresidencefiumicino.it\/es\/habitacion-doble\/\">\r\n      <div class=\"slick-right\">\r\n        <img decoding=\"async\" class=\"d-none\" src=\"https:\/\/sigisresidencefiumicino.it\/wp-content\/uploads\/2023\/12\/5.SIGIS_H_FIUM-MATRIMONIALE-1024x683.webp\" alt=\"\" \/>\r\n      <\/div>\r\n    <\/a>\r\n      \r\n    <a href=\"https:\/\/sigisresidencefiumicino.it\/es\/habitacion-doble\/\">\r\n      <div class=\"slick-right\">\r\n        <img decoding=\"async\" class=\"d-none\" src=\"https:\/\/sigisresidencefiumicino.it\/wp-content\/uploads\/2023\/12\/13_SIGIS_H_FIUM-MATRIMONIALE-1-1024x683.webp\" alt=\"\" \/>\r\n      <\/div>\r\n    <\/a>\r\n      \r\n    <a href=\"https:\/\/sigisresidencefiumicino.it\/es\/habitacion-doble-deluxe\/\">\r\n      <div class=\"slick-right\">\r\n        <img decoding=\"async\" class=\"d-none\" src=\"https:\/\/sigisresidencefiumicino.it\/wp-content\/uploads\/2023\/12\/14.SIGIS_H_FIUM-MATRIMONIALE-1024x683.webp\" alt=\"\" \/>\r\n      <\/div>\r\n    <\/a>\r\n        <\/div>\r\n  <div class=\"arrows-slick col-30\">\r\n      <div class=\"next\">\r\n      <i class=\"fas fa-angle-right\"><\/i>\r\n    <\/div>\r\n  <\/div>\r\n\r\n\r\n<\/section>\r\n\n\n\n<p><\/p>\n","protected":false},"excerpt":{"rendered":"","protected":false},"author":1,"featured_media":1967,"parent":0,"menu_order":0,"comment_status":"closed","ping_status":"closed","template":"page-template\/home-page.php","meta":{"inline_featured_image":false,"footnotes":""},"class_list":["post-1812","page","type-page","status-publish","has-post-thumbnail","hentry"],"acf":[],"_links":{"self":[{"href":"https:\/\/sigisresidencefiumicino.it\/es\/wp-json\/wp\/v2\/pages\/1812","targetHints":{"allow":["GET"]}}],"collection":[{"href":"https:\/\/sigisresidencefiumicino.it\/es\/wp-json\/wp\/v2\/pages"}],"about":[{"href":"https:\/\/sigisresidencefiumicino.it\/es\/wp-json\/wp\/v2\/types\/page"}],"author":[{"embeddable":true,"href":"https:\/\/sigisresidencefiumicino.it\/es\/wp-json\/wp\/v2\/users\/1"}],"replies":[{"embeddable":true,"href":"https:\/\/sigisresidencefiumicino.it\/es\/wp-json\/wp\/v2\/comments?post=1812"}],"version-history":[{"count":17,"href":"https:\/\/sigisresidencefiumicino.it\/es\/wp-json\/wp\/v2\/pages\/1812\/revisions"}],"predecessor-version":[{"id":2227,"href":"https:\/\/sigisresidencefiumicino.it\/es\/wp-json\/wp\/v2\/pages\/1812\/revisions\/2227"}],"wp:featuredmedia":[{"embeddable":true,"href":"https:\/\/sigisresidencefiumicino.it\/es\/wp-json\/wp\/v2\/media\/1967"}],"wp:attachment":[{"href":"https:\/\/sigisresidencefiumicino.it\/es\/wp-json\/wp\/v2\/media?parent=1812"}],"curies":[{"name":"wp","href":"https:\/\/api.w.org\/{rel}","templated":true}]}}