{"id":1829,"date":"2022-04-23T09:27:06","date_gmt":"2022-04-23T07:27:06","guid":{"rendered":"https:\/\/sigisresidencefiumicino.it\/habitacion-individual\/"},"modified":"2023-12-12T19:28:08","modified_gmt":"2023-12-12T17:28:08","slug":"habitacion-individual","status":"publish","type":"page","link":"https:\/\/sigisresidencefiumicino.it\/es\/habitacion-individual\/","title":{"rendered":"Habitaci\u00f3n individual"},"content":{"rendered":"<section>\n      <div class=\"grid panel block-datasheet\">\n          <div class=\"col-70 panel__text\">\n            <p><p><strong>Habitaci\u00f3n individual con balc\u00f3n<\/strong><\/p>\n<p>Una habitaci\u00f3n individual luminosa y acogedora. Tiene una c\u00f3moda cama individual, un armario y un escritorio.<br \/>\nCuenta con balc\u00f3n y ba\u00f1o privado con ducha tipo lluvia, calentador de toallas, secador de pelo y art\u00edculos de aseo gratuitos. Hay aire acondicionado y calefacci\u00f3n regulables, wifi ilimitado h24, TV de pantalla plana. La ropa de cama y las s\u00e1banas est\u00e1n incluidas y se cambian todos los d\u00edas.<br \/>\nSe proporciona un servicio diario de limpieza de la habitaci\u00f3n.<\/p>\n<p><strong><a class=\"btn btn-info-small p-10\" href=\"https:\/\/sigisresidencefiumicino.it\/es\/reserva\/?octobooksearch=siteKey%3D5b86a27c66a96e543ada3bdf8959049e%26lang%3Des%26ota\">Rel\u00e1jate y reserva con nosotros<\/a><\/strong><\/p>\n<\/p>\n          <\/div>\n          <div class=\"col-30 tab-100 panel__services\">\n\n              <ul class=\"list-service\">\n                        \n                            <li>\n                                <div class=\"datasheet-img\">\n                                   <img decoding=\"async\" src=\"https:\/\/sigisresidencefiumicino.it\/wp-content\/uploads\/2022\/04\/letto-singolo.png\" alt=\"\" \/>\n                                <\/div>\n                               <p>cama individual<\/p>\n                            <\/li>\n                            \n                            <li>\n                                <div class=\"datasheet-img\">\n                                   <img decoding=\"async\" src=\"https:\/\/sigisresidencefiumicino.it\/wp-content\/uploads\/2022\/04\/doccia.png\" alt=\"\" \/>\n                                <\/div>\n                               <p>ba\u00f1o privado con ducha<\/p>\n                            <\/li>\n                            \n                            <li>\n                                <div class=\"datasheet-img\">\n                                   <img decoding=\"async\" src=\"https:\/\/sigisresidencefiumicino.it\/wp-content\/uploads\/2022\/04\/plan-camera.png\" alt=\"\" \/>\n                                <\/div>\n                               <p>Tama\u00f1o medio de la habitaci\u00f3n 15 mq<\/p>\n                            <\/li>\n                            \n\n              <\/ul>\n\n\n\n\n                \n                                  <div class=\"panel-button\">\n                                    <a class=\"btn btn-info-small\" href=\"https:\/\/sigisresidencefiumicino.it\/es\/preguntas-frecuentes\/\">Preguntas frecuentes<i class=\"fas fa-angle-right\"><\/i><\/a>\n                                  <\/div>\n                  \n            <\/div>\n\n\n\n\n        <\/div>\n    <\/section>\n\n\n\r\n<section>\r\n      <div class=\"grid grid--fluid\">\r\n\r\n        <div class=\"col-100 panel\">\r\n                  <div class=\"img__service__left\" style=\"background: url(https:\/\/sigisresidencefiumicino.it\/wp-content\/uploads\/2022\/04\/immagine-servizi.png) no-repeat center center; background-size: cover;\">\r\n         \r\n          <\/div>\r\n                    \r\n\r\n\r\n          <div class=\"img__service__right\" style=\"background: url(https:\/\/sigisresidencefiumicino.it\/wp-content\/uploads\/2022\/04\/immagine-dotazioni.png) no-repeat center center; background-size: cover;\">\r\n\r\n          <\/div>\r\n                    <div class=\" panel__info\">\r\n\r\n            <div class=\"col-16 panel__info__title\">\r\n              <h3>Equipamiento<\/h3>\r\n                          <img decoding=\"async\" src=\"https:\/\/sigisresidencefiumicino.it\/wp-content\/uploads\/2022\/04\/DOTAZIONI.svg\" alt=\"\" \/>\r\n            <\/div>\r\n            <div class=\"col-33 panel__info__list\">\r\n              <ul class=\"list\">\r\n                                                            <li class=\"list-item\">aire acondicionado aut\u00f3nomo<\/li>\r\n                                                                      <li class=\"list-item\">armario<\/li>\r\n                                                                      <li class=\"list-item\">art\u00edculos de aseo<\/li>\r\n                                                                      <li class=\"list-item\">ba\u00f1o privado<\/li>\r\n                                                                      <li class=\"list-item\">calefacci\u00f3n independiente<\/li>\r\n                                                                      <li class=\"list-item\">escritorio<\/li>\r\n                                                                      <li class=\"list-item\">llave electr\u00f3nica<\/li>\r\n                                                                      <li class=\"list-item\">mosquitera<\/li>\r\n                                                                      <li class=\"list-item\">salvaescaleras<\/li>\r\n                                                                      <li class=\"list-item\">secador de pelo<\/li>\r\n                                                                      <li class=\"list-item\">tarjeta inteligente<\/li>\r\n                                                                      <li class=\"list-item\">toallas<\/li>\r\n                                                                      <li class=\"list-item\">TV de pantalla plana<\/li>\r\n                                                                      <li class=\"list-item\">ventanas insonorizadas<\/li>\r\n                                                                      <li class=\"list-item\">wi-fi h24<\/li>\r\n                                                  <\/ul>\r\n            <\/div>\r\n            <div class=\"col-16 panel__info__title\">\r\n              <h3>Servicios<\/h3>\r\n            <img decoding=\"async\" src=\"https:\/\/sigisresidencefiumicino.it\/wp-content\/uploads\/2022\/04\/SERVIZI2.svg\" alt=\"\" \/>\r\n            <\/div>\r\n            <div class=\"col-33 panel__info__list\">\r\n              <ul class=\"list\">\r\n\r\n\r\n                                          <li class=\"list-item\">aparcamiento privado<\/li>\r\n                                          <li class=\"list-item\">asistencia h24<\/li>\r\n                                          <li class=\"list-item\">cambio de ropa<\/li>\r\n                                          <li class=\"list-item\">lavander\u00eda<\/li>\r\n                                          <li class=\"list-item\">limpieza diaria<\/li>\r\n                                          <li class=\"list-item\">transporte (de pago)<\/li>\r\n                \r\n\r\n              <\/ul>\r\n            <\/div>\r\n\r\n          <\/div>\r\n        <\/div>\r\n      <\/div>\r\n    <\/section>\r\n\n\n<section class=\"mb-50\">\r\n    <div class=\"grid grid--fluid grid--center panel\">\r\n      <div class=\"col-100 section-title \">\r\n      <h3 class=\"text-center\">Galer\u00eda<\/h3>\r\n      <\/div>\r\n        <div class=\"gallery_square_light-blue\"><\/div>\r\n\r\n        <div id=\"gallery-slick-block\" class=\"arrows-slick col-80\">\r\n          <div class=\"prev-gallery\">\r\n            <i class=\"fas fa-angle-left\"><\/i>\r\n          <\/div>\r\n          <div class=\"next-gallery\">\r\n            <i class=\"fas fa-angle-right\"><\/i>\r\n          <\/div>\r\n        <\/div>\r\n\r\n\r\n\r\n        <div class=\"col-80 panel panel__gallery gallery-slider\">\r\n        \r\n\r\n          <div class=\"container__slick\">\r\n                        \r\n\r\n                        \r\n                         <img decoding=\"async\" src=\"https:\/\/sigisresidencefiumicino.it\/wp-content\/uploads\/2023\/12\/8.SIGIS_H_FIUM-SINGOLA-1024x683.webp\" alt=\"\" \/>\r\n\r\n                          \r\n        <\/div>\r\n          \r\n\r\n          <div class=\"container__slick\">\r\n                        \r\n\r\n                        \r\n                         <img decoding=\"async\" src=\"https:\/\/sigisresidencefiumicino.it\/wp-content\/uploads\/2023\/12\/9.SIGIS_H_FIUM-BAGNO-1024x683.webp\" alt=\"\" \/>\r\n\r\n                          \r\n        <\/div>\r\n          \r\n\r\n          <div class=\"container__slick\">\r\n                        \r\n\r\n                        \r\n                         <img decoding=\"async\" src=\"https:\/\/sigisresidencefiumicino.it\/wp-content\/uploads\/2023\/12\/10.SIGIS_H_FIUM-MATRIMONIALE-1024x683.webp\" alt=\"\" \/>\r\n\r\n                          \r\n        <\/div>\r\n          \r\n\r\n          <div class=\"container__slick\">\r\n                        \r\n\r\n                        \r\n                         <img decoding=\"async\" src=\"https:\/\/sigisresidencefiumicino.it\/wp-content\/uploads\/2022\/04\/Fiumicino-chiave-1024x726.jpg\" alt=\"\" \/>\r\n\r\n                          \r\n        <\/div>\r\n          \r\n      <\/div>\r\n\r\n      <\/div>\r\n\r\n  <\/section>\r\n\n\n<section class=\"mb-50\">\r\n    <div class=\"grid grid--fluid grid--center panel\">\r\n      <div class=\"col-100 section-title \">\r\n      <h3 class=\"text-center\">OTRAS HABITACIONES<\/h3>\r\n      <\/div>\r\n      <div class=\"other-rooms-square-left\"><\/div>\r\n      <div class=\"other-rooms-square-right\"><\/div>\r\n\r\n        <div class=\"arrows-slick col-80\">\r\n          <div class=\"prev\">\r\n            <i class=\"fas fa-angle-left\"><\/i>\r\n          <\/div>\r\n          <div class=\"next\">\r\n            <i class=\"fas fa-angle-right\"><\/i>\r\n          <\/div>\r\n        <\/div>\r\n\r\n\r\n\r\n      <div class=\"gallery-center-mode col-80\">\r\n        \r\n            <a href=\"https:\/\/sigisresidencefiumicino.it\/es\/habitacion-doble\/\">\r\n            <div>\r\n               <img decoding=\"async\" src=\"https:\/\/sigisresidencefiumicino.it\/wp-content\/uploads\/2023\/12\/13_SIGIS_H_FIUM-MATRIMONIALE-1024x683.webp\" alt=\"\" \/>\r\n            <\/div>\r\n            <\/a>\r\n            \r\n            <a href=\"https:\/\/sigisresidencefiumicino.it\/es\/habitacion-doble-deluxe\/\">\r\n            <div>\r\n               <img decoding=\"async\" src=\"https:\/\/sigisresidencefiumicino.it\/wp-content\/uploads\/2023\/12\/14.SIGIS_H_FIUM-MATRIMONIALE-1024x683.webp\" alt=\"\" \/>\r\n            <\/div>\r\n            <\/a>\r\n            \r\n            <a href=\"https:\/\/sigisresidencefiumicino.it\/es\/habitacion-doble\/\">\r\n            <div>\r\n               <img decoding=\"async\" src=\"https:\/\/sigisresidencefiumicino.it\/wp-content\/uploads\/2023\/12\/5.SIGIS_H_FIUM-MATRIMONIALE-1024x683.webp\" alt=\"\" \/>\r\n            <\/div>\r\n            <\/a>\r\n            \r\n      <\/div>\r\n      <\/div>\r\n\r\n  <\/section>\r\n","protected":false},"excerpt":{"rendered":"","protected":false},"author":2,"featured_media":1997,"parent":0,"menu_order":3,"comment_status":"closed","ping_status":"closed","template":"","meta":{"inline_featured_image":false,"footnotes":""},"class_list":["post-1829","page","type-page","status-publish","has-post-thumbnail","hentry"],"acf":[],"_links":{"self":[{"href":"https:\/\/sigisresidencefiumicino.it\/es\/wp-json\/wp\/v2\/pages\/1829","targetHints":{"allow":["GET"]}}],"collection":[{"href":"https:\/\/sigisresidencefiumicino.it\/es\/wp-json\/wp\/v2\/pages"}],"about":[{"href":"https:\/\/sigisresidencefiumicino.it\/es\/wp-json\/wp\/v2\/types\/page"}],"author":[{"embeddable":true,"href":"https:\/\/sigisresidencefiumicino.it\/es\/wp-json\/wp\/v2\/users\/2"}],"replies":[{"embeddable":true,"href":"https:\/\/sigisresidencefiumicino.it\/es\/wp-json\/wp\/v2\/comments?post=1829"}],"version-history":[{"count":12,"href":"https:\/\/sigisresidencefiumicino.it\/es\/wp-json\/wp\/v2\/pages\/1829\/revisions"}],"predecessor-version":[{"id":2220,"href":"https:\/\/sigisresidencefiumicino.it\/es\/wp-json\/wp\/v2\/pages\/1829\/revisions\/2220"}],"wp:featuredmedia":[{"embeddable":true,"href":"https:\/\/sigisresidencefiumicino.it\/es\/wp-json\/wp\/v2\/media\/1997"}],"wp:attachment":[{"href":"https:\/\/sigisresidencefiumicino.it\/es\/wp-json\/wp\/v2\/media?parent=1829"}],"curies":[{"name":"wp","href":"https:\/\/api.w.org\/{rel}","templated":true}]}}