{"id":1856,"date":"2021-05-02T14:35:09","date_gmt":"2021-05-02T12:35:09","guid":{"rendered":"https:\/\/sigisresidencefiumicino.it\/preguntas-frecuentes\/"},"modified":"2022-05-04T09:37:13","modified_gmt":"2022-05-04T07:37:13","slug":"preguntas-frecuentes","status":"publish","type":"page","link":"https:\/\/sigisresidencefiumicino.it\/es\/preguntas-frecuentes\/","title":{"rendered":"Preguntas frecuentes"},"content":{"rendered":"<section class=\"grid grid--fluid grid--background \"style=\"background-color: #FFDF22\">\r\n\r\n    <div class=\"container_cta\">\r\n      <p style=\"text-align: center;\">Esta p\u00e1gina contiene algunas de las preguntas m\u00e1s frecuentes que hemos intentado responder. Si no encuentra las respuestas que busca no dude en contactarnos<\/p>\n          <\/div>\r\n\r\n\r\n<\/section>\r\n\r\n\r\n\r\n<section class=\"grid grid--accordion\">\r\n  <div class=\"col-100 title--accordion--section\">\r\n     <img decoding=\"async\" src=\"https:\/\/sigisresidencefiumicino.it\/wp-content\/uploads\/2022\/04\/icone-fiumicino_Tavola-disegno-1-copia-150x150.png\" alt=\"\" \/>\r\n    <h3 class=\"section-title\">RESERVAS\r\nDOCUMENTOS Y PAGOS<\/h3>\r\n  <\/div>\r\n  <div class=\"tabs\">\r\n  \r\n\r\n          <div class=\"tab\">\r\n            <a href=\"#\">\r\n                  <input type=\"radio\" id=\"rad10\" name=\"rd\">\r\n                  <label class=\"tab-label accordion__title \" for=\"rad10\">\u00bfQu\u00e9 m\u00e9todos de pago se aceptan?<\/label>\r\n                  <div class=\"tab-content\">\r\n                    <p> Se puede pagar con tarjeta de cr\u00e9dito Visa, MasterCard, Maestro, cajero autom\u00e1tico o en efectivo. No se aceptan cheques.<\/p>\n                  <\/div>\r\n              <\/a>\r\n            <\/div>\r\n\r\n\r\n\r\n      \r\n\r\n          <div class=\"tab\">\r\n            <a href=\"#\">\r\n                  <input type=\"radio\" id=\"rad11\" name=\"rd\">\r\n                  <label class=\"tab-label accordion__title \" for=\"rad11\">\u00bfC\u00f3mo cancelo mi reserva?<\/label>\r\n                  <div class=\"tab-content\">\r\n                    <p>Es posible cancelar la reserva dentro de los tres d\u00edas anteriores a la fecha de llegada prevista desde el sitio web, llamando directamente al establecimiento o a trav\u00e9s de una de las plataformas utilizadas para la reserva.<\/p>\n                  <\/div>\r\n              <\/a>\r\n            <\/div>\r\n\r\n\r\n\r\n      \r\n\r\n          <div class=\"tab\">\r\n            <a href=\"#\">\r\n                  <input type=\"radio\" id=\"rad12\" name=\"rd\">\r\n                  <label class=\"tab-label accordion__title \" for=\"rad12\">\u00bfLa cancelaci\u00f3n es gratuita? <\/label>\r\n                  <div class=\"tab-content\">\r\n                    <p>S\u00ed, si se realiza al menos tres d\u00edas antes de la fecha de llegada prevista.<\/p>\n                  <\/div>\r\n              <\/a>\r\n            <\/div>\r\n\r\n\r\n\r\n      \r\n\r\n          <div class=\"tab\">\r\n            <a href=\"#\">\r\n                  <input type=\"radio\" id=\"rad13\" name=\"rd\">\r\n                  <label class=\"tab-label accordion__title \" for=\"rad13\">\u00bfTengo que pagar el impuesto tur\u00edstico?<\/label>\r\n                  <div class=\"tab-content\">\r\n                    <p>S\u00ed, aquellos que se alojan en uno de los alojamientos en el municipio de Fiumicino est\u00e1n obligados a pagar el impuesto de estancia de  \u20ac 2,00 por persona por noche a pagar al gerente del establecimiento que emite el recibo. Solo est\u00e1n exentos los menores, los mayores de 70 a\u00f1os, las fuerzas armadas en servicio y los parientes de pacientes hospitalizados. El l\u00edmite m\u00e1ximo por persona es de \u20ac 10,00 .<\/p>\n                  <\/div>\r\n              <\/a>\r\n            <\/div>\r\n\r\n\r\n\r\n      \r\n\r\n          <div class=\"tab\">\r\n            <a href=\"#\">\r\n                  <input type=\"radio\" id=\"rad14\" name=\"rd\">\r\n                  <label class=\"tab-label accordion__title \" for=\"rad14\">Si la estructura cierra por COVID, \u00bfqu\u00e9 pasa? <\/label>\r\n                  <div class=\"tab-content\">\r\n                    <p>Se reembolsar\u00e1 si el cierre se produce dentro de los tres d\u00edas anteriores a la fecha de llegada prevista.<\/p>\n                  <\/div>\r\n              <\/a>\r\n            <\/div>\r\n\r\n\r\n\r\n      \r\n\r\n          <div class=\"tab\">\r\n            <a href=\"#\">\r\n                  <input type=\"radio\" id=\"rad15\" name=\"rd\">\r\n                  <label class=\"tab-label accordion__title \" for=\"rad15\">Tengo un hijo de tres aTengo un hijo de tres a\u00f1os, \u00bf\u00e9l tambi\u00e9n paga? os, \u00bf\u00e9l tambi\u00e9n paga? <\/label>\r\n                  <div class=\"tab-content\">\r\n                    <p>No, los ni\u00f1os hasta tres a\u00f1os no pagan.<\/p>\n                  <\/div>\r\n              <\/a>\r\n            <\/div>\r\n\r\n\r\n\r\n      \r\n\r\n          <div class=\"tab\">\r\n            <a href=\"#\">\r\n                  <input type=\"radio\" id=\"rad16\" name=\"rd\">\r\n                  <label class=\"tab-label accordion__title \" for=\"rad16\">En caso de da\u00f1os muebles\/estructura \u00bfqu\u00e9 pasa?<\/label>\r\n                  <div class=\"tab-content\">\r\n                    <p>Cualquier da\u00f1o en las habitaciones o en el resto de la propiedad, accidental o intencional, es responsabilidad del hu\u00e9sped, por lo que cualquier costo de reparaci\u00f3n y\/o reemplazo se le cobrar\u00e1 en su cuenta<\/p>\n                  <\/div>\r\n              <\/a>\r\n            <\/div>\r\n\r\n\r\n\r\n          <\/div>\r\n<\/section>\r\n\r\n\r\n\r\n<section class=\"grid grid--accordion\">\r\n  <div class=\"col-100 title--accordion--section\">\r\n     <img decoding=\"async\" src=\"https:\/\/sigisresidencefiumicino.it\/wp-content\/uploads\/2022\/04\/icone-fiumicino-03-150x150.png\" alt=\"\" \/>\r\n    <h3 class=\"section-title\">TOMA DE POSESI\u00d3N\r\nY DEVOLUCI\u00d3N DE LA HABITACI\u00d3N<\/h3>\r\n  <\/div>\r\n  <div class=\"tabs\">\r\n  \r\n\r\n          <div class=\"tab\">\r\n            <a href=\"#\">\r\n                  <input type=\"radio\" id=\"rad20\" name=\"rd\">\r\n                  <label class=\"tab-label accordion__title \" for=\"rad20\">\u00bfCu\u00e1les son los horarios de check in y check out? <\/label>\r\n                  <div class=\"tab-content\">\r\n                    <p>El check in se realiza antes de las 15:00, pero en caso de necesidad es posible posponerlo.<br \/>\nEl check out debe hacerse antes de las 10:00.<br \/>\nSi el check out se realiza a primera hora de la ma\u00f1ana, hay que pagar un extra y se requiere el saldo de la cuenta la noche anterior.<br \/>\nEn caso de check out por la tarde o por la noche, es posible permanecer en el establecimiento dejando las maletas en el \u00e1rea reservada. <\/p>\n                  <\/div>\r\n              <\/a>\r\n            <\/div>\r\n\r\n\r\n\r\n      \r\n\r\n          <div class=\"tab\">\r\n            <a href=\"#\">\r\n                  <input type=\"radio\" id=\"rad21\" name=\"rd\">\r\n                  <label class=\"tab-label accordion__title \" for=\"rad21\">\u00bfTengo que comunicar la hora de llegada?<\/label>\r\n                  <div class=\"tab-content\">\r\n                    <p>S\u00ed, en el momento de la reserva es necesario indicar la hora prevista de llegada y los posibles cambios. <\/p>\n                  <\/div>\r\n              <\/a>\r\n            <\/div>\r\n\r\n\r\n\r\n      \r\n\r\n          <div class=\"tab\">\r\n            <a href=\"#\">\r\n                  <input type=\"radio\" id=\"rad22\" name=\"rd\">\r\n                  <label class=\"tab-label accordion__title \" for=\"rad22\">\u00bfTengo que presentar un documento durante el check in?<\/label>\r\n                  <div class=\"tab-content\">\r\n                    <p>Al hacer el check in, es obligatorio presentar el documento de identidad v\u00e1lido de cada persona que se aloje en el establecimiento, incluidos los menores de edad.  <\/p>\n                  <\/div>\r\n              <\/a>\r\n            <\/div>\r\n\r\n\r\n\r\n      \r\n\r\n          <div class=\"tab\">\r\n            <a href=\"#\">\r\n                  <input type=\"radio\" id=\"rad23\" name=\"rd\">\r\n                  <label class=\"tab-label accordion__title \" for=\"rad23\">\u00bfTengo que tener el Super Green Pass para poder alojarme en el establecimiento?<\/label>\r\n                  <div class=\"tab-content\">\r\n                    <p>No, no es necesario. A partir del 6 de diciembre, para permanecer en el hotel, est\u00e1 previsto para todos los hu\u00e9spedes el control del Green Pass base, que se obtiene despu\u00e9s de la vacunaci\u00f3n, la curaci\u00f3n de la enfermedad hasta los 6 meses o el resultado negativo de un tamp\u00f3n r\u00e1pido o molecular emitido no m\u00e1s tarde de las 48 o 72 horas anteriores o la recuperaci\u00f3n de COVID.      <\/p>\n                  <\/div>\r\n              <\/a>\r\n            <\/div>\r\n\r\n\r\n\r\n      \r\n\r\n          <div class=\"tab\">\r\n            <a href=\"#\">\r\n                  <input type=\"radio\" id=\"rad24\" name=\"rd\">\r\n                  <label class=\"tab-label accordion__title \" for=\"rad24\">\u00bfEs posible alquilar una habitaci\u00f3n por una noche?  <\/label>\r\n                  <div class=\"tab-content\">\r\n                    <p>S\u00ed, es posible alquilar una habitaci\u00f3n por una noche.<\/p>\n                  <\/div>\r\n              <\/a>\r\n            <\/div>\r\n\r\n\r\n\r\n      \r\n\r\n          <div class=\"tab\">\r\n            <a href=\"#\">\r\n                  <input type=\"radio\" id=\"rad25\" name=\"rd\">\r\n                  <label class=\"tab-label accordion__title \" for=\"rad25\">Si pierdo o me roban la tarjeta con chip, \u00bfqu\u00e9 pasa? <\/label>\r\n                  <div class=\"tab-content\">\r\n                    <p>En caso de p\u00e9rdida, robo o da\u00f1o de la tarjeta con chip se proporcionar\u00e1 un duplicado, pero tendr\u00e1 que pagar una penalizaci\u00f3n con un importe m\u00ednimo de 70 euros por tarjeta.<\/p>\n                  <\/div>\r\n              <\/a>\r\n            <\/div>\r\n\r\n\r\n\r\n      \r\n\r\n          <div class=\"tab\">\r\n            <a href=\"#\">\r\n                  <input type=\"radio\" id=\"rad26\" name=\"rd\">\r\n                  <label class=\"tab-label accordion__title \" for=\"rad26\">\u00bfA qui\u00e9n puedo llamar en caso de necesidad?<\/label>\r\n                  <div class=\"tab-content\">\r\n                    <p>Puede llamar al n\u00famero 065411995, activo h24<\/p>\n                  <\/div>\r\n              <\/a>\r\n            <\/div>\r\n\r\n\r\n\r\n          <\/div>\r\n<\/section>\r\n\n<p><a href=\"http:\/\/localhost:8000\/wp-admin\/edit.php?post_type=page\" target=\"_blank\" rel=\"noopener\"><\/a><\/p>\n\r\n\r\n\r\n<section class=\"grid grid--accordion\">\r\n  <div class=\"col-100 title--accordion--section\">\r\n     <img decoding=\"async\" src=\"https:\/\/sigisresidencefiumicino.it\/wp-content\/uploads\/2022\/04\/icone-fiumicino_Tavola-disegno-1-150x150.png\" alt=\"\" \/>\r\n    <h3 class=\"section-title\">LA CASA Y LAS HABITACIONES<\/h3>\r\n  <\/div>\r\n  <div class=\"tabs\">\r\n  \r\n\r\n          <div class=\"tab\">\r\n            <a href=\"#\">\r\n                  <input type=\"radio\" id=\"rad30\" name=\"rd\">\r\n                  <label class=\"tab-label accordion__title \" for=\"rad30\">\u00bfSe puede entrar y salir de la casa a cualquier hora?   <\/label>\r\n                  <div class=\"tab-content\">\r\n                    <p>S\u00ed, Se puede entrar y salir de la casa a cualquier hora, H24<\/p>\n                  <\/div>\r\n              <\/a>\r\n            <\/div>\r\n\r\n\r\n\r\n      \r\n\r\n          <div class=\"tab\">\r\n            <a href=\"#\">\r\n                  <input type=\"radio\" id=\"rad31\" name=\"rd\">\r\n                  <label class=\"tab-label accordion__title \" for=\"rad31\">\u00bfEs posible fumar en la habitaci\u00f3n o dentro de la casa? <\/label>\r\n                  <div class=\"tab-content\">\r\n                    <p>No, la casa es totalmente \u00abno fumadores\u00bb. Solo se puede fumar fuera. <\/p>\n                  <\/div>\r\n              <\/a>\r\n            <\/div>\r\n\r\n\r\n\r\n      \r\n\r\n          <div class=\"tab\">\r\n            <a href=\"#\">\r\n                  <input type=\"radio\" id=\"rad32\" name=\"rd\">\r\n                  <label class=\"tab-label accordion__title \" for=\"rad32\">\u00bfEst\u00e1 bien para ni\u00f1os?  <\/label>\r\n                  <div class=\"tab-content\">\r\n                    <p>S\u00ed<\/p>\n                  <\/div>\r\n              <\/a>\r\n            <\/div>\r\n\r\n\r\n\r\n      \r\n\r\n          <div class=\"tab\">\r\n            <a href=\"#\">\r\n                  <input type=\"radio\" id=\"rad33\" name=\"rd\">\r\n                  <label class=\"tab-label accordion__title \" for=\"rad33\">\u00bfSe permiten las mascotas? <\/label>\r\n                  <div class=\"tab-content\">\r\n                    <p>S\u00ed, se admiten mascotas, pero solo peque\u00f1as, previa solicitud y confirmaci\u00f3n<\/p>\n                  <\/div>\r\n              <\/a>\r\n            <\/div>\r\n\r\n\r\n\r\n      \r\n\r\n          <div class=\"tab\">\r\n            <a href=\"#\">\r\n                  <input type=\"radio\" id=\"rad34\" name=\"rd\">\r\n                  <label class=\"tab-label accordion__title \" for=\"rad34\">\u00bfEl desayuno est\u00e1 incluido? <\/label>\r\n                  <div class=\"tab-content\">\r\n                    <p>No, hay una sala de descanso con m\u00e1quinas expendedoras, cafetera y tetera.<\/p>\n                  <\/div>\r\n              <\/a>\r\n            <\/div>\r\n\r\n\r\n\r\n      \r\n\r\n          <div class=\"tab\">\r\n            <a href=\"#\">\r\n                  <input type=\"radio\" id=\"rad35\" name=\"rd\">\r\n                  <label class=\"tab-label accordion__title \" for=\"rad35\">\u00bfSe puede cocinar?<\/label>\r\n                  <div class=\"tab-content\">\r\n                    <p>No en la estructura no se puede cocinar pero en la sala de comedor hay un microondas para calentar la comida y una nevera.<\/p>\n                  <\/div>\r\n              <\/a>\r\n            <\/div>\r\n\r\n\r\n\r\n      \r\n\r\n          <div class=\"tab\">\r\n            <a href=\"#\">\r\n                  <input type=\"radio\" id=\"rad36\" name=\"rd\">\r\n                  <label class=\"tab-label accordion__title \" for=\"rad36\">\u00bfHay un aparcamiento? <\/label>\r\n                  <div class=\"tab-content\">\r\n                    <p>S\u00ed, dentro del establecimiento hay un aparcamiento reservado de pago. <\/p>\n                  <\/div>\r\n              <\/a>\r\n            <\/div>\r\n\r\n\r\n\r\n      \r\n\r\n          <div class=\"tab\">\r\n            <a href=\"#\">\r\n                  <input type=\"radio\" id=\"rad37\" name=\"rd\">\r\n                  <label class=\"tab-label accordion__title \" for=\"rad37\">\u00bfEs posible alquilar bicicletas? <\/label>\r\n                  <div class=\"tab-content\">\r\n                    <p>S\u00ed<\/p>\n                  <\/div>\r\n              <\/a>\r\n            <\/div>\r\n\r\n\r\n\r\n      \r\n\r\n          <div class=\"tab\">\r\n            <a href=\"#\">\r\n                  <input type=\"radio\" id=\"rad38\" name=\"rd\">\r\n                  <label class=\"tab-label accordion__title \" for=\"rad38\">\u00bfEs posible reservar excursiones o visitas guiadas directamente en el establecimiento? <\/label>\r\n                  <div class=\"tab-content\">\r\n                    <p>No<\/p>\n                  <\/div>\r\n              <\/a>\r\n            <\/div>\r\n\r\n\r\n\r\n      \r\n\r\n          <div class=\"tab\">\r\n            <a href=\"#\">\r\n                  <input type=\"radio\" id=\"rad39\" name=\"rd\">\r\n                  <label class=\"tab-label accordion__title \" for=\"rad39\">\u00bfHay un dep\u00f3sito de equipaje? <\/label>\r\n                  <div class=\"tab-content\">\r\n                    <p>No, pero puede dejar su equipaje en la recepci\u00f3n<\/p>\n                  <\/div>\r\n              <\/a>\r\n            <\/div>\r\n\r\n\r\n\r\n      \r\n\r\n          <div class=\"tab\">\r\n            <a href=\"#\">\r\n                  <input type=\"radio\" id=\"rad310\" name=\"rd\">\r\n                  <label class=\"tab-label accordion__title \" for=\"rad310\">\u00bfPuedo cambiar de habitaci\u00f3n durante mi estancia? <\/label>\r\n                  <div class=\"tab-content\">\r\n                    <p>S\u00ed, bajo petici\u00f3n y disponibilidad.<\/p>\n                  <\/div>\r\n              <\/a>\r\n            <\/div>\r\n\r\n\r\n\r\n      \r\n\r\n          <div class=\"tab\">\r\n            <a href=\"#\">\r\n                  <input type=\"radio\" id=\"rad311\" name=\"rd\">\r\n                  <label class=\"tab-label accordion__title \" for=\"rad311\">\u00bfPuedo solicitar una cama extra o una cuna? <\/label>\r\n                  <div class=\"tab-content\">\r\n                    <p>S\u00ed, bajo petici\u00f3n y disponibilidad.<\/p>\n                  <\/div>\r\n              <\/a>\r\n            <\/div>\r\n\r\n\r\n\r\n      \r\n\r\n          <div class=\"tab\">\r\n            <a href=\"#\">\r\n                  <input type=\"radio\" id=\"rad312\" name=\"rd\">\r\n                  <label class=\"tab-label accordion__title \" for=\"rad312\">\u00bfEs posible tener una habitaci\u00f3n doble con camas separadas en lugar de una habitaci\u00f3n doble con cama grande? <\/label>\r\n                  <div class=\"tab-content\">\r\n                    <p>S\u00ed, bajo petici\u00f3n y disponibilidad.<\/p>\n                  <\/div>\r\n              <\/a>\r\n            <\/div>\r\n\r\n\r\n\r\n      \r\n\r\n          <div class=\"tab\">\r\n            <a href=\"#\">\r\n                  <input type=\"radio\" id=\"rad313\" name=\"rd\">\r\n                  <label class=\"tab-label accordion__title \" for=\"rad313\">\u00bfEs posible acceder a Internet? <\/label>\r\n                  <div class=\"tab-content\">\r\n                    <p>En todo el establecimiento se puede conectar a Internet de forma gratuita a trav\u00e9s de WiFi. Recuerde preguntar la contrase\u00f1a de inicio de sesi\u00f3n cuando llegue.<\/p>\n                  <\/div>\r\n              <\/a>\r\n            <\/div>\r\n\r\n\r\n\r\n      \r\n\r\n          <div class=\"tab\">\r\n            <a href=\"#\">\r\n                  <input type=\"radio\" id=\"rad314\" name=\"rd\">\r\n                  <label class=\"tab-label accordion__title \" for=\"rad314\">\u00bfHay televisi\u00f3n? <\/label>\r\n                  <div class=\"tab-content\">\r\n                    <p>S\u00ed, cada habitaci\u00f3n tiene un televisor que se activa con la tarjeta con chip.<\/p>\n                  <\/div>\r\n              <\/a>\r\n            <\/div>\r\n\r\n\r\n\r\n          <\/div>\r\n<\/section>\r\n\r\n\r\n\r\n<section class=\"grid grid--accordion\">\r\n  <div class=\"col-100 title--accordion--section\">\r\n     <img decoding=\"async\" src=\"https:\/\/sigisresidencefiumicino.it\/wp-content\/uploads\/2022\/04\/icone-fiumicino-04-150x150.png\" alt=\"\" \/>\r\n    <h3 class=\"section-title\">LIMPIEZA<\/h3>\r\n  <\/div>\r\n  <div class=\"tabs\">\r\n  \r\n\r\n          <div class=\"tab\">\r\n            <a href=\"#\">\r\n                  <input type=\"radio\" id=\"rad40\" name=\"rd\">\r\n                  <label class=\"tab-label accordion__title \" for=\"rad40\">\u00bfHay servicio de limpieza?<\/label>\r\n                  <div class=\"tab-content\">\r\n                    <p>S\u00ed, hay un servicio de limpieza diario que tambi\u00e9n incluye el cambio de la ropa.<\/p>\n                  <\/div>\r\n              <\/a>\r\n            <\/div>\r\n\r\n\r\n\r\n      \r\n\r\n          <div class=\"tab\">\r\n            <a href=\"#\">\r\n                  <input type=\"radio\" id=\"rad41\" name=\"rd\">\r\n                  <label class=\"tab-label accordion__title \" for=\"rad41\">\u00bfA qu\u00e9 hora hay que dejar la habitaci\u00f3n para dejar hacer la limpieza? <\/label>\r\n                  <div class=\"tab-content\">\r\n                    <p>Hay que dejar la habitaci\u00f3n dentro de las 10:00<\/p>\n                  <\/div>\r\n              <\/a>\r\n            <\/div>\r\n\r\n\r\n\r\n      \r\n\r\n          <div class=\"tab\">\r\n            <a href=\"#\">\r\n                  <input type=\"radio\" id=\"rad42\" name=\"rd\">\r\n                  <label class=\"tab-label accordion__title \" for=\"rad42\">\u00bfCu\u00e1les son las medidas de prevenci\u00f3n anticovid? <\/label>\r\n                  <div class=\"tab-content\">\r\n                    <p>Todos los d\u00edas se realiza la desinfecci\u00f3n completa de habitaciones y \u00e1reas comunes.<br \/>\nTodos los hu\u00e9spedes siempre deben usar la m\u00e1scara en las partes comunes y mantener siempre las distancias de seguridad.<br \/>\nEn la entrada de la estructura hay un dispensador con gel desinfectante: es OBLIGATORIO desinfectar las manos cada vez que entre.<\/p>\n                  <\/div>\r\n              <\/a>\r\n            <\/div>\r\n\r\n\r\n\r\n      \r\n\r\n          <div class=\"tab\">\r\n            <a href=\"#\">\r\n                  <input type=\"radio\" id=\"rad43\" name=\"rd\">\r\n                  <label class=\"tab-label accordion__title \" for=\"rad43\">\u00bfSe hace la recogida selectiva?<\/label>\r\n                  <div class=\"tab-content\">\r\n                    <p>S\u00ed, hay que hacer la recogida selectiva (papel, h\u00famedo, vidrio y multimaterial, indiferenciado) y tirar la basura en los adecuados contenedores puestos a disposici\u00f3n.<\/p>\n                  <\/div>\r\n              <\/a>\r\n            <\/div>\r\n\r\n\r\n\r\n          <\/div>\r\n<\/section>\r\n\r\n\r\n\r\n<section class=\"grid grid--accordion\">\r\n  <div class=\"col-100 title--accordion--section\">\r\n     <img decoding=\"async\" src=\"\" alt=\"\" \/>\r\n    <h3 class=\"section-title\"><\/h3>\r\n  <\/div>\r\n  <div class=\"tabs\">\r\n      <\/div>\r\n<\/section>\r\n","protected":false},"excerpt":{"rendered":"","protected":false},"author":1,"featured_media":1786,"parent":0,"menu_order":0,"comment_status":"closed","ping_status":"closed","template":"","meta":{"inline_featured_image":false,"footnotes":""},"class_list":["post-1856","page","type-page","status-publish","has-post-thumbnail","hentry"],"acf":[],"_links":{"self":[{"href":"https:\/\/sigisresidencefiumicino.it\/es\/wp-json\/wp\/v2\/pages\/1856","targetHints":{"allow":["GET"]}}],"collection":[{"href":"https:\/\/sigisresidencefiumicino.it\/es\/wp-json\/wp\/v2\/pages"}],"about":[{"href":"https:\/\/sigisresidencefiumicino.it\/es\/wp-json\/wp\/v2\/types\/page"}],"author":[{"embeddable":true,"href":"https:\/\/sigisresidencefiumicino.it\/es\/wp-json\/wp\/v2\/users\/1"}],"replies":[{"embeddable":true,"href":"https:\/\/sigisresidencefiumicino.it\/es\/wp-json\/wp\/v2\/comments?post=1856"}],"version-history":[{"count":1,"href":"https:\/\/sigisresidencefiumicino.it\/es\/wp-json\/wp\/v2\/pages\/1856\/revisions"}],"predecessor-version":[{"id":1857,"href":"https:\/\/sigisresidencefiumicino.it\/es\/wp-json\/wp\/v2\/pages\/1856\/revisions\/1857"}],"wp:featuredmedia":[{"embeddable":true,"href":"https:\/\/sigisresidencefiumicino.it\/es\/wp-json\/wp\/v2\/media\/1786"}],"wp:attachment":[{"href":"https:\/\/sigisresidencefiumicino.it\/es\/wp-json\/wp\/v2\/media?parent=1856"}],"curies":[{"name":"wp","href":"https:\/\/api.w.org\/{rel}","templated":true}]}}